{"id":110,"date":"2019-07-21T06:57:26","date_gmt":"2019-07-21T03:57:26","guid":{"rendered":"http:\/\/mytilenetaxi.gr\/tr\/?page_id=110"},"modified":"2019-07-30T12:52:21","modified_gmt":"2019-07-30T09:52:21","slug":"%ce%b2%cf%8c%cf%81%ce%b5%ce%b9%ce%b1-%ce%bb%ce%ad%cf%83%ce%b2%ce%bf%cf%82","status":"publish","type":"page","link":"https:\/\/www.mytilenetaxi.gr\/tr\/%ce%b2%cf%8c%cf%81%ce%b5%ce%b9%ce%b1-%ce%bb%ce%ad%cf%83%ce%b2%ce%bf%cf%82\/","title":{"rendered":"Kuzey lesvos"},"content":{"rendered":"<div class=\"wpb-content-wrapper\"><p>[vc_row][vc_column width=&#8221;1\/2&#8243;][vc_column_text]<\/p>\n<p style=\"text-align: justify;\">Kuzeye do\u011fru \u00e7\u0131karken kar\u015f\u0131n\u0131za ilk \u00f6nce dev bir kaya ve zirvesine yerle\u015fmi\u015f, 114 basamakl\u0131 Panagia Glikofilousa Kilisesi \u00e7\u0131kacakt\u0131r. Hem Petra hem Anaksos sahilleri uzun kumsallar\u0131 ile adan\u0131n en \u00e7ok turist \u00e7eken b\u00f6lgelerinden biridir. Petra sahillerini geride b\u0131rakarak ilerlerken orta\u00e7a\u011fdan kalma \u00f6zg\u00fcn mimarisi ile adan\u0131n sembol\u00fc haline gelen turistik sayfiye beldesi Molivos, antik Mithimna\u2019y\u0131 g\u00fcn\u00fcm\u00fcze kadar gururla ta\u015f\u0131yan ma\u011frur kalesi ile sizleri selamlar.<\/p>\n<p>&nbsp;<\/p>\n<p style=\"text-align: justify;\">Molivos sahilinde eskinin zeytinya\u011f\u0131 fabrikas\u0131 g\u00fcn\u00fcm\u00fcz\u00fcn restore edilmi\u015f butik oteli, ziyaret edilebilir. 3km. ilerde \u015fifal\u0131 su kaynaklar\u0131 ve cazip sahili ile Eftalu sizi beklemektedir. Ayn\u0131 g\u00fczergahta Lepetemnos tepesine oyulmu\u015f muhte\u015fem manzaral\u0131 Vafios k\u00f6y\u00fc de a\u00e7\u0131k denizi seyreyler.<\/p>\n<p>&nbsp;<\/p>\n<p style=\"text-align: justify;\">Biraz daha ilerde \u00fcnl\u00fc yazar Stratis Mirivilis\u2019in evinin de bulundu\u011fu Skamnia k\u00f6y\u00fc ve 3 km. a\u015fa\u011f\u0131s\u0131nda Skala Skamnias sahili, Panaya Gorgona kilisesi ve muhte\u015fem g\u00fcnbat\u0131m\u0131 ile karakteristik bir bal\u0131k\u00e7\u0131 k\u00f6y\u00fcd\u00fcr. Kuzeyde Lafiona, Skoutaro\u2019da \u015firin k\u00f6y Stipsi ve g\u00fczel \u00c7onya (Tsonia) liman\u0131 ile Kapi k\u00f6yleri de g\u00f6r\u00fclmeye de\u011fer.<\/p>\n<p>[\/vc_column_text][\/vc_column][vc_column width=&#8221;1\/2&#8243;][vc_media_grid element_width=&#8221;3&#8243; grid_id=&#8221;vc_gid:1564480297987-0ed05091-6497-4&#8243; include=&#8221;111,112,113,114,115,116,117,118,119,120,121,122,123,124,125,126,127,128,129,130&#8243;][\/vc_column][\/vc_row]<\/p>\n<\/div>","protected":false},"excerpt":{"rendered":"<p>[vc_row][vc_column width=&#8221;1\/2&#8243;][vc_column_text] Kuzeye do\u011fru \u00e7\u0131karken kar\u015f\u0131n\u0131za ilk \u00f6nce dev bir kaya ve zirvesine yerle\u015fmi\u015f, 114 basamakl\u0131 Panagia Glikofilousa Kilisesi \u00e7\u0131kacakt\u0131r. Hem Petra hem Anaksos sahilleri uzun kumsallar\u0131 ile adan\u0131n en \u00e7ok turist \u00e7eken b\u00f6lgelerinden biridir. Petra sahillerini geride b\u0131rakarak ilerlerken orta\u00e7a\u011fdan kalma \u00f6zg\u00fcn mimarisi ile adan\u0131n sembol\u00fc haline gelen turistik sayfiye beldesi Molivos, antik Mithimna\u2019y\u0131&hellip;<\/p>\n","protected":false},"author":1,"featured_media":0,"parent":0,"menu_order":0,"comment_status":"closed","ping_status":"closed","template":"","meta":{"footnotes":""},"class_list":["post-110","page","type-page","status-publish","hentry","description-off"],"yoast_head":"<!-- This site is optimized with the Yoast SEO plugin v27.4 - https:\/\/yoast.com\/product\/yoast-seo-wordpress\/ -->\n<title>Kuzey lesvos - Midilli Taksi Gregory | Lesvos Taksi Gregory | Mytilene TAXI Gregory | Lesvos TAXI Gregory | \u039c\u03c5\u03c4\u03b9\u03bb\u03ae\u03bd\u03b7 \u03a4\u0391\u039e\u0399 \u0393\u03c1\u03b7\u03b3\u03cc\u03c1\u03b7\u03c2 | \u039b\u03ad\u03c3\u03b2\u03bf\u03c2 \u03a4\u0391\u039e\u0399 \u0393\u03c1\u03b7\u03b3\u03cc\u03c1\u03b7\u03c2<\/title>\n<meta name=\"robots\" content=\"index, follow, max-snippet:-1, max-image-preview:large, max-video-preview:-1\" \/>\n<link rel=\"canonical\" href=\"https:\/\/www.mytilenetaxi.gr\/tr\/\u03b2\u03cc\u03c1\u03b5\u03b9\u03b1-\u03bb\u03ad\u03c3\u03b2\u03bf\u03c2\/\" \/>\n<meta property=\"og:locale\" content=\"el_GR\" \/>\n<meta property=\"og:type\" content=\"article\" \/>\n<meta property=\"og:title\" content=\"Kuzey lesvos - Midilli Taksi Gregory | Lesvos Taksi Gregory | Mytilene TAXI Gregory | Lesvos TAXI Gregory | \u039c\u03c5\u03c4\u03b9\u03bb\u03ae\u03bd\u03b7 \u03a4\u0391\u039e\u0399 \u0393\u03c1\u03b7\u03b3\u03cc\u03c1\u03b7\u03c2 | \u039b\u03ad\u03c3\u03b2\u03bf\u03c2 \u03a4\u0391\u039e\u0399 \u0393\u03c1\u03b7\u03b3\u03cc\u03c1\u03b7\u03c2\" \/>\n<meta property=\"og:description\" content=\"[vc_row][vc_column width=&#8221;1\/2&#8243;][vc_column_text] Kuzeye do\u011fru \u00e7\u0131karken kar\u015f\u0131n\u0131za ilk \u00f6nce dev bir kaya ve zirvesine yerle\u015fmi\u015f, 114 basamakl\u0131 Panagia Glikofilousa Kilisesi \u00e7\u0131kacakt\u0131r. Hem Petra hem Anaksos sahilleri uzun kumsallar\u0131 ile adan\u0131n en \u00e7ok turist \u00e7eken b\u00f6lgelerinden biridir. Petra sahillerini geride b\u0131rakarak ilerlerken orta\u00e7a\u011fdan kalma \u00f6zg\u00fcn mimarisi ile adan\u0131n sembol\u00fc haline gelen turistik sayfiye beldesi Molivos, antik Mithimna\u2019y\u0131&hellip;\" \/>\n<meta property=\"og:url\" content=\"https:\/\/www.mytilenetaxi.gr\/tr\/\u03b2\u03cc\u03c1\u03b5\u03b9\u03b1-\u03bb\u03ad\u03c3\u03b2\u03bf\u03c2\/\" \/>\n<meta property=\"og:site_name\" content=\"Midilli Taksi Gregory | Lesvos Taksi Gregory | Mytilene TAXI Gregory | Lesvos TAXI Gregory | \u039c\u03c5\u03c4\u03b9\u03bb\u03ae\u03bd\u03b7 \u03a4\u0391\u039e\u0399 \u0393\u03c1\u03b7\u03b3\u03cc\u03c1\u03b7\u03c2 | \u039b\u03ad\u03c3\u03b2\u03bf\u03c2 \u03a4\u0391\u039e\u0399 \u0393\u03c1\u03b7\u03b3\u03cc\u03c1\u03b7\u03c2\" \/>\n<meta property=\"article:modified_time\" content=\"2019-07-30T09:52:21+00:00\" \/>\n<meta name=\"twitter:card\" content=\"summary_large_image\" \/>\n<meta name=\"twitter:label1\" content=\"\u0395\u03ba\u03c4\u03b9\u03bc\u03ce\u03bc\u03b5\u03bd\u03bf\u03c2 \u03c7\u03c1\u03cc\u03bd\u03bf\u03c2 \u03b1\u03bd\u03ac\u03b3\u03bd\u03c9\u03c3\u03b7\u03c2\" \/>\n\t<meta name=\"twitter:data1\" content=\"1 \u03bb\u03b5\u03c0\u03c4\u03cc\" \/>\n<script type=\"application\/ld+json\" class=\"yoast-schema-graph\">{\"@context\":\"https:\\\/\\\/schema.org\",\"@graph\":[{\"@type\":\"WebPage\",\"@id\":\"https:\\\/\\\/www.mytilenetaxi.gr\\\/tr\\\/%ce%b2%cf%8c%cf%81%ce%b5%ce%b9%ce%b1-%ce%bb%ce%ad%cf%83%ce%b2%ce%bf%cf%82\\\/\",\"url\":\"https:\\\/\\\/www.mytilenetaxi.gr\\\/tr\\\/%ce%b2%cf%8c%cf%81%ce%b5%ce%b9%ce%b1-%ce%bb%ce%ad%cf%83%ce%b2%ce%bf%cf%82\\\/\",\"name\":\"Kuzey lesvos - Midilli Taksi Gregory | Lesvos Taksi Gregory | Mytilene TAXI Gregory | Lesvos TAXI Gregory | \u039c\u03c5\u03c4\u03b9\u03bb\u03ae\u03bd\u03b7 \u03a4\u0391\u039e\u0399 \u0393\u03c1\u03b7\u03b3\u03cc\u03c1\u03b7\u03c2 | \u039b\u03ad\u03c3\u03b2\u03bf\u03c2 \u03a4\u0391\u039e\u0399 \u0393\u03c1\u03b7\u03b3\u03cc\u03c1\u03b7\u03c2\",\"isPartOf\":{\"@id\":\"https:\\\/\\\/www.mytilenetaxi.gr\\\/tr\\\/#website\"},\"datePublished\":\"2019-07-21T03:57:26+00:00\",\"dateModified\":\"2019-07-30T09:52:21+00:00\",\"breadcrumb\":{\"@id\":\"https:\\\/\\\/www.mytilenetaxi.gr\\\/tr\\\/%ce%b2%cf%8c%cf%81%ce%b5%ce%b9%ce%b1-%ce%bb%ce%ad%cf%83%ce%b2%ce%bf%cf%82\\\/#breadcrumb\"},\"inLanguage\":\"el\",\"potentialAction\":[{\"@type\":\"ReadAction\",\"target\":[\"https:\\\/\\\/www.mytilenetaxi.gr\\\/tr\\\/%ce%b2%cf%8c%cf%81%ce%b5%ce%b9%ce%b1-%ce%bb%ce%ad%cf%83%ce%b2%ce%bf%cf%82\\\/\"]}]},{\"@type\":\"BreadcrumbList\",\"@id\":\"https:\\\/\\\/www.mytilenetaxi.gr\\\/tr\\\/%ce%b2%cf%8c%cf%81%ce%b5%ce%b9%ce%b1-%ce%bb%ce%ad%cf%83%ce%b2%ce%bf%cf%82\\\/#breadcrumb\",\"itemListElement\":[{\"@type\":\"ListItem\",\"position\":1,\"name\":\"Home\",\"item\":\"https:\\\/\\\/www.mytilenetaxi.gr\\\/tr\\\/\"},{\"@type\":\"ListItem\",\"position\":2,\"name\":\"Kuzey lesvos\"}]},{\"@type\":\"WebSite\",\"@id\":\"https:\\\/\\\/www.mytilenetaxi.gr\\\/tr\\\/#website\",\"url\":\"https:\\\/\\\/www.mytilenetaxi.gr\\\/tr\\\/\",\"name\":\"Midilli Taksi Gregory | Lesvos Taksi Gregory | Mytilene TAXI Gregory | Lesvos TAXI Gregory | \u039c\u03c5\u03c4\u03b9\u03bb\u03ae\u03bd\u03b7 \u03a4\u0391\u039e\u0399 \u0393\u03c1\u03b7\u03b3\u03cc\u03c1\u03b7\u03c2 | \u039b\u03ad\u03c3\u03b2\u03bf\u03c2 \u03a4\u0391\u039e\u0399 \u0393\u03c1\u03b7\u03b3\u03cc\u03c1\u03b7\u03c2\",\"description\":\"Midilli Taksi Gregory | Lesvos Taksi Gregory | Mytilene TAXI Gregory | Lesvos TAXI Gregory | \u039c\u03c5\u03c4\u03b9\u03bb\u03ae\u03bd\u03b7 \u03a4\u0391\u039e\u0399 \u0393\u03c1\u03b7\u03b3\u03cc\u03c1\u03b7\u03c2 | \u039b\u03ad\u03c3\u03b2\u03bf\u03c2 \u03a4\u0391\u039e\u0399 \u0393\u03c1\u03b7\u03b3\u03cc\u03c1\u03b7\u03c2\",\"potentialAction\":[{\"@type\":\"SearchAction\",\"target\":{\"@type\":\"EntryPoint\",\"urlTemplate\":\"https:\\\/\\\/www.mytilenetaxi.gr\\\/tr\\\/?s={search_term_string}\"},\"query-input\":{\"@type\":\"PropertyValueSpecification\",\"valueRequired\":true,\"valueName\":\"search_term_string\"}}],\"inLanguage\":\"el\"}]}<\/script>\n<!-- \/ Yoast SEO plugin. -->","yoast_head_json":{"title":"Kuzey lesvos - Midilli Taksi Gregory | Lesvos Taksi Gregory | Mytilene TAXI Gregory | Lesvos TAXI Gregory | \u039c\u03c5\u03c4\u03b9\u03bb\u03ae\u03bd\u03b7 \u03a4\u0391\u039e\u0399 \u0393\u03c1\u03b7\u03b3\u03cc\u03c1\u03b7\u03c2 | \u039b\u03ad\u03c3\u03b2\u03bf\u03c2 \u03a4\u0391\u039e\u0399 \u0393\u03c1\u03b7\u03b3\u03cc\u03c1\u03b7\u03c2","robots":{"index":"index","follow":"follow","max-snippet":"max-snippet:-1","max-image-preview":"max-image-preview:large","max-video-preview":"max-video-preview:-1"},"canonical":"https:\/\/www.mytilenetaxi.gr\/tr\/\u03b2\u03cc\u03c1\u03b5\u03b9\u03b1-\u03bb\u03ad\u03c3\u03b2\u03bf\u03c2\/","og_locale":"el_GR","og_type":"article","og_title":"Kuzey lesvos - Midilli Taksi Gregory | Lesvos Taksi Gregory | Mytilene TAXI Gregory | Lesvos TAXI Gregory | \u039c\u03c5\u03c4\u03b9\u03bb\u03ae\u03bd\u03b7 \u03a4\u0391\u039e\u0399 \u0393\u03c1\u03b7\u03b3\u03cc\u03c1\u03b7\u03c2 | \u039b\u03ad\u03c3\u03b2\u03bf\u03c2 \u03a4\u0391\u039e\u0399 \u0393\u03c1\u03b7\u03b3\u03cc\u03c1\u03b7\u03c2","og_description":"[vc_row][vc_column width=&#8221;1\/2&#8243;][vc_column_text] Kuzeye do\u011fru \u00e7\u0131karken kar\u015f\u0131n\u0131za ilk \u00f6nce dev bir kaya ve zirvesine yerle\u015fmi\u015f, 114 basamakl\u0131 Panagia Glikofilousa Kilisesi \u00e7\u0131kacakt\u0131r. Hem Petra hem Anaksos sahilleri uzun kumsallar\u0131 ile adan\u0131n en \u00e7ok turist \u00e7eken b\u00f6lgelerinden biridir. Petra sahillerini geride b\u0131rakarak ilerlerken orta\u00e7a\u011fdan kalma \u00f6zg\u00fcn mimarisi ile adan\u0131n sembol\u00fc haline gelen turistik sayfiye beldesi Molivos, antik Mithimna\u2019y\u0131&hellip;","og_url":"https:\/\/www.mytilenetaxi.gr\/tr\/\u03b2\u03cc\u03c1\u03b5\u03b9\u03b1-\u03bb\u03ad\u03c3\u03b2\u03bf\u03c2\/","og_site_name":"Midilli Taksi Gregory | Lesvos Taksi Gregory | Mytilene TAXI Gregory | Lesvos TAXI Gregory | \u039c\u03c5\u03c4\u03b9\u03bb\u03ae\u03bd\u03b7 \u03a4\u0391\u039e\u0399 \u0393\u03c1\u03b7\u03b3\u03cc\u03c1\u03b7\u03c2 | \u039b\u03ad\u03c3\u03b2\u03bf\u03c2 \u03a4\u0391\u039e\u0399 \u0393\u03c1\u03b7\u03b3\u03cc\u03c1\u03b7\u03c2","article_modified_time":"2019-07-30T09:52:21+00:00","twitter_card":"summary_large_image","twitter_misc":{"\u0395\u03ba\u03c4\u03b9\u03bc\u03ce\u03bc\u03b5\u03bd\u03bf\u03c2 \u03c7\u03c1\u03cc\u03bd\u03bf\u03c2 \u03b1\u03bd\u03ac\u03b3\u03bd\u03c9\u03c3\u03b7\u03c2":"1 \u03bb\u03b5\u03c0\u03c4\u03cc"},"schema":{"@context":"https:\/\/schema.org","@graph":[{"@type":"WebPage","@id":"https:\/\/www.mytilenetaxi.gr\/tr\/%ce%b2%cf%8c%cf%81%ce%b5%ce%b9%ce%b1-%ce%bb%ce%ad%cf%83%ce%b2%ce%bf%cf%82\/","url":"https:\/\/www.mytilenetaxi.gr\/tr\/%ce%b2%cf%8c%cf%81%ce%b5%ce%b9%ce%b1-%ce%bb%ce%ad%cf%83%ce%b2%ce%bf%cf%82\/","name":"Kuzey lesvos - Midilli Taksi Gregory | Lesvos Taksi Gregory | Mytilene TAXI Gregory | Lesvos TAXI Gregory | \u039c\u03c5\u03c4\u03b9\u03bb\u03ae\u03bd\u03b7 \u03a4\u0391\u039e\u0399 \u0393\u03c1\u03b7\u03b3\u03cc\u03c1\u03b7\u03c2 | \u039b\u03ad\u03c3\u03b2\u03bf\u03c2 \u03a4\u0391\u039e\u0399 \u0393\u03c1\u03b7\u03b3\u03cc\u03c1\u03b7\u03c2","isPartOf":{"@id":"https:\/\/www.mytilenetaxi.gr\/tr\/#website"},"datePublished":"2019-07-21T03:57:26+00:00","dateModified":"2019-07-30T09:52:21+00:00","breadcrumb":{"@id":"https:\/\/www.mytilenetaxi.gr\/tr\/%ce%b2%cf%8c%cf%81%ce%b5%ce%b9%ce%b1-%ce%bb%ce%ad%cf%83%ce%b2%ce%bf%cf%82\/#breadcrumb"},"inLanguage":"el","potentialAction":[{"@type":"ReadAction","target":["https:\/\/www.mytilenetaxi.gr\/tr\/%ce%b2%cf%8c%cf%81%ce%b5%ce%b9%ce%b1-%ce%bb%ce%ad%cf%83%ce%b2%ce%bf%cf%82\/"]}]},{"@type":"BreadcrumbList","@id":"https:\/\/www.mytilenetaxi.gr\/tr\/%ce%b2%cf%8c%cf%81%ce%b5%ce%b9%ce%b1-%ce%bb%ce%ad%cf%83%ce%b2%ce%bf%cf%82\/#breadcrumb","itemListElement":[{"@type":"ListItem","position":1,"name":"Home","item":"https:\/\/www.mytilenetaxi.gr\/tr\/"},{"@type":"ListItem","position":2,"name":"Kuzey lesvos"}]},{"@type":"WebSite","@id":"https:\/\/www.mytilenetaxi.gr\/tr\/#website","url":"https:\/\/www.mytilenetaxi.gr\/tr\/","name":"Midilli Taksi Gregory | Lesvos Taksi Gregory | Mytilene TAXI Gregory | Lesvos TAXI Gregory | \u039c\u03c5\u03c4\u03b9\u03bb\u03ae\u03bd\u03b7 \u03a4\u0391\u039e\u0399 \u0393\u03c1\u03b7\u03b3\u03cc\u03c1\u03b7\u03c2 | \u039b\u03ad\u03c3\u03b2\u03bf\u03c2 \u03a4\u0391\u039e\u0399 \u0393\u03c1\u03b7\u03b3\u03cc\u03c1\u03b7\u03c2","description":"Midilli Taksi Gregory | Lesvos Taksi Gregory | Mytilene TAXI Gregory | Lesvos TAXI Gregory | \u039c\u03c5\u03c4\u03b9\u03bb\u03ae\u03bd\u03b7 \u03a4\u0391\u039e\u0399 \u0393\u03c1\u03b7\u03b3\u03cc\u03c1\u03b7\u03c2 | \u039b\u03ad\u03c3\u03b2\u03bf\u03c2 \u03a4\u0391\u039e\u0399 \u0393\u03c1\u03b7\u03b3\u03cc\u03c1\u03b7\u03c2","potentialAction":[{"@type":"SearchAction","target":{"@type":"EntryPoint","urlTemplate":"https:\/\/www.mytilenetaxi.gr\/tr\/?s={search_term_string}"},"query-input":{"@type":"PropertyValueSpecification","valueRequired":true,"valueName":"search_term_string"}}],"inLanguage":"el"}]}},"_links":{"self":[{"href":"https:\/\/www.mytilenetaxi.gr\/tr\/wp-json\/wp\/v2\/pages\/110","targetHints":{"allow":["GET"]}}],"collection":[{"href":"https:\/\/www.mytilenetaxi.gr\/tr\/wp-json\/wp\/v2\/pages"}],"about":[{"href":"https:\/\/www.mytilenetaxi.gr\/tr\/wp-json\/wp\/v2\/types\/page"}],"author":[{"embeddable":true,"href":"https:\/\/www.mytilenetaxi.gr\/tr\/wp-json\/wp\/v2\/users\/1"}],"replies":[{"embeddable":true,"href":"https:\/\/www.mytilenetaxi.gr\/tr\/wp-json\/wp\/v2\/comments?post=110"}],"version-history":[{"count":3,"href":"https:\/\/www.mytilenetaxi.gr\/tr\/wp-json\/wp\/v2\/pages\/110\/revisions"}],"predecessor-version":[{"id":434,"href":"https:\/\/www.mytilenetaxi.gr\/tr\/wp-json\/wp\/v2\/pages\/110\/revisions\/434"}],"wp:attachment":[{"href":"https:\/\/www.mytilenetaxi.gr\/tr\/wp-json\/wp\/v2\/media?parent=110"}],"curies":[{"name":"wp","href":"https:\/\/api.w.org\/{rel}","templated":true}]}}