{"id":209,"date":"2019-07-21T07:10:40","date_gmt":"2019-07-21T04:10:40","guid":{"rendered":"http:\/\/mytilenetaxi.gr\/tr\/?page_id=209"},"modified":"2019-07-30T13:16:52","modified_gmt":"2019-07-30T10:16:52","slug":"%ce%bd%cf%8c%cf%84%ce%b9%ce%b1-%ce%bb%ce%ad%cf%83%ce%b2%ce%bf%cf%82","status":"publish","type":"page","link":"https:\/\/www.mytilenetaxi.gr\/tr\/%ce%bd%cf%8c%cf%84%ce%b9%ce%b1-%ce%bb%ce%ad%cf%83%ce%b2%ce%bf%cf%82\/","title":{"rendered":"G\u00fcney Lesvos"},"content":{"rendered":"<div class=\"wpb-content-wrapper\"><p>[vc_row][vc_column width=&#8221;1\/2&#8243;][vc_column_text]<\/p>\n<p style=\"text-align: justify;\">Burada tarihi Plomari \u015fehrini bulacaks\u0131n\u0131z. Plomari yolunda \u00f6nce Trigona ve Plagia, sonra billur sular\u0131 ile muhte\u015fem Agios Isidoros sahilini ge\u00e7eceksiniz. Ayr\u0131ca yine eskiyi g\u00fcn\u00fcm\u00fcze ta\u015f\u0131yan zeytinya\u011f\u0131 fabrikalar\u0131, tabakhaneler ve g\u00fcn\u00fcm\u00fczde restore edilerek modern bir k\u00fclt\u00fcr merkezi haline getirilen eski sabun fabrikas\u0131 ilginizi \u00e7ekecek. Bir ba\u015fka \u00f6nemli yerle\u015fim alan\u0131 harika kumsal\u0131 ile Melinda sahilinin ba\u011fl\u0131 oldu\u011fu Paleohori k\u00f6y\u00fcd\u00fcr.<\/p>\n<p>&nbsp;<\/p>\n<p style=\"text-align: justify;\">Ayn\u0131 sahil \u015feridinde belki de Akdeniz\u2019in en g\u00fczel kumsal\u0131 Vatera alt\u0131n rengi ile alabildi\u011fine (8 km) uzan\u0131r. \u00dcnl\u00fc turizm beldesi Vatera ziyaret\u00e7iye her t\u00fcrl\u00fc ihtiyac\u0131 sa\u011flayabilecek altyap\u0131ya sahiptir. G\u00fcneyin en \u00f6nemli k\u00f6ylerinden Polichnitos, konaklar\u0131 ve neoklasik resmi binalar\u0131, muhte\u015fem halkevi binas\u0131 g\u00f6r\u00fclmeye de\u011fer.<\/p>\n<p>&nbsp;<\/p>\n<p style=\"text-align: justify;\">Bu b\u00f6lgede ayr\u0131ca Asomatos ve as\u0131rl\u0131k a\u011fa\u00e7lar\u0131n \u00e7evreledi\u011fi kilisesiyle Agios Anargiros, ye\u015fillikler aras\u0131ndaki Karini, adan\u0131n en g\u00fczel do\u011fa sentezlerinden birini g\u00f6rebilece\u011finiz ve Panagia Agiasotisa Kilisesi ile Ortodokslu\u011fun ve geleneksel de\u011ferlerin emanet\u00e7isi olmu\u015f Agiasos k\u00f6y\u00fc bulunur.<\/p>\n<p>&nbsp;<\/p>\n<p style=\"text-align: justify;\">Bu k\u00f6y dar Arnavut kald\u0131r\u0131mlar\u0131, renkli panjur ve kap\u0131lar\u0131n s\u00fcsledi\u011fi balkonlu ta\u015f evleri ile \u00e7am, \u00e7\u0131nar ve kestane a\u011fa\u00e7lar\u0131yla kapl\u0131 bir ormanda gizlenmi\u015ftir. G\u00fcneyde bir\u00e7oklar\u0131n\u0131n adan\u0131n en karizmatik s\u00fcs\u00fc diye adland\u0131rd\u0131klar\u0131 Gera K\u00f6rfezi de yer al\u0131r. Bu k\u00f6rfezi \u00e7evreleyen yine \u00e7ok g\u00fczel k\u00f6yler g\u00f6r\u00fclmeye de\u011fer. Bug\u00fcn turistler Midilli\u2019den Gera\u2019ya uzanan g\u00fczergah boyunca k\u00f6rfez yolunda ilerlerken e\u015fsiz do\u011fa manzaras\u0131n\u0131n tad\u0131n\u0131 \u00e7\u0131kar\u0131yor ziyaret\u00e7iler.<\/p>\n<p>&nbsp;<\/p>\n<p style=\"text-align: justify;\">Denize girmek, e\u011flenmek ve y\u00f6resel tavernalarda mezeleri tatmak i\u00e7in Tarti, Evriaki ve Perama sahillerini tercih edeceksiniz.<\/p>\n<p>[\/vc_column_text][\/vc_column][vc_column width=&#8221;1\/2&#8243;][vc_media_grid element_width=&#8221;3&#8243; grid_id=&#8221;vc_gid:1564480380522-bb23a7f0-50f0-0&#8243; include=&#8221;210,211,212,213,214,215,216,217,218,219,220,221,222,223,224,225,226,227,228,229,230,231,232,233,234,235,236,237,238,239,240,241,242,243,244,245,246,247,248,249,250,251,252,253,254,255,256,257,258,259,260,261,262,263,264&#8243;][\/vc_column][\/vc_row]<\/p>\n<\/div>","protected":false},"excerpt":{"rendered":"<p>[vc_row][vc_column width=&#8221;1\/2&#8243;][vc_column_text] Burada tarihi Plomari \u015fehrini bulacaks\u0131n\u0131z. Plomari yolunda \u00f6nce Trigona ve Plagia, sonra billur sular\u0131 ile muhte\u015fem Agios Isidoros sahilini ge\u00e7eceksiniz. Ayr\u0131ca yine eskiyi g\u00fcn\u00fcm\u00fcze ta\u015f\u0131yan zeytinya\u011f\u0131 fabrikalar\u0131, tabakhaneler ve g\u00fcn\u00fcm\u00fczde restore edilerek modern bir k\u00fclt\u00fcr merkezi haline getirilen eski sabun fabrikas\u0131 ilginizi \u00e7ekecek. Bir ba\u015fka \u00f6nemli yerle\u015fim alan\u0131 harika kumsal\u0131 ile Melinda sahilinin&hellip;<\/p>\n","protected":false},"author":1,"featured_media":0,"parent":0,"menu_order":0,"comment_status":"closed","ping_status":"closed","template":"","meta":{"footnotes":""},"class_list":["post-209","page","type-page","status-publish","hentry","description-off"],"yoast_head":"<!-- This site is optimized with the Yoast SEO plugin v27.4 - https:\/\/yoast.com\/product\/yoast-seo-wordpress\/ -->\n<title>G\u00fcney Lesvos - Midilli Taksi Gregory | Lesvos Taksi Gregory | Mytilene TAXI Gregory | Lesvos TAXI Gregory | \u039c\u03c5\u03c4\u03b9\u03bb\u03ae\u03bd\u03b7 \u03a4\u0391\u039e\u0399 \u0393\u03c1\u03b7\u03b3\u03cc\u03c1\u03b7\u03c2 | \u039b\u03ad\u03c3\u03b2\u03bf\u03c2 \u03a4\u0391\u039e\u0399 \u0393\u03c1\u03b7\u03b3\u03cc\u03c1\u03b7\u03c2<\/title>\n<meta name=\"robots\" content=\"index, follow, max-snippet:-1, max-image-preview:large, max-video-preview:-1\" \/>\n<link rel=\"canonical\" href=\"https:\/\/www.mytilenetaxi.gr\/tr\/\u03bd\u03cc\u03c4\u03b9\u03b1-\u03bb\u03ad\u03c3\u03b2\u03bf\u03c2\/\" \/>\n<meta property=\"og:locale\" content=\"el_GR\" \/>\n<meta property=\"og:type\" content=\"article\" \/>\n<meta property=\"og:title\" content=\"G\u00fcney Lesvos - Midilli Taksi Gregory | Lesvos Taksi Gregory | Mytilene TAXI Gregory | Lesvos TAXI Gregory | \u039c\u03c5\u03c4\u03b9\u03bb\u03ae\u03bd\u03b7 \u03a4\u0391\u039e\u0399 \u0393\u03c1\u03b7\u03b3\u03cc\u03c1\u03b7\u03c2 | \u039b\u03ad\u03c3\u03b2\u03bf\u03c2 \u03a4\u0391\u039e\u0399 \u0393\u03c1\u03b7\u03b3\u03cc\u03c1\u03b7\u03c2\" \/>\n<meta property=\"og:description\" content=\"[vc_row][vc_column width=&#8221;1\/2&#8243;][vc_column_text] Burada tarihi Plomari \u015fehrini bulacaks\u0131n\u0131z. Plomari yolunda \u00f6nce Trigona ve Plagia, sonra billur sular\u0131 ile muhte\u015fem Agios Isidoros sahilini ge\u00e7eceksiniz. Ayr\u0131ca yine eskiyi g\u00fcn\u00fcm\u00fcze ta\u015f\u0131yan zeytinya\u011f\u0131 fabrikalar\u0131, tabakhaneler ve g\u00fcn\u00fcm\u00fczde restore edilerek modern bir k\u00fclt\u00fcr merkezi haline getirilen eski sabun fabrikas\u0131 ilginizi \u00e7ekecek. Bir ba\u015fka \u00f6nemli yerle\u015fim alan\u0131 harika kumsal\u0131 ile Melinda sahilinin&hellip;\" \/>\n<meta property=\"og:url\" content=\"https:\/\/www.mytilenetaxi.gr\/tr\/\u03bd\u03cc\u03c4\u03b9\u03b1-\u03bb\u03ad\u03c3\u03b2\u03bf\u03c2\/\" \/>\n<meta property=\"og:site_name\" content=\"Midilli Taksi Gregory | Lesvos Taksi Gregory | Mytilene TAXI Gregory | Lesvos TAXI Gregory | \u039c\u03c5\u03c4\u03b9\u03bb\u03ae\u03bd\u03b7 \u03a4\u0391\u039e\u0399 \u0393\u03c1\u03b7\u03b3\u03cc\u03c1\u03b7\u03c2 | \u039b\u03ad\u03c3\u03b2\u03bf\u03c2 \u03a4\u0391\u039e\u0399 \u0393\u03c1\u03b7\u03b3\u03cc\u03c1\u03b7\u03c2\" \/>\n<meta property=\"article:modified_time\" content=\"2019-07-30T10:16:52+00:00\" \/>\n<meta name=\"twitter:card\" content=\"summary_large_image\" \/>\n<meta name=\"twitter:label1\" content=\"\u0395\u03ba\u03c4\u03b9\u03bc\u03ce\u03bc\u03b5\u03bd\u03bf\u03c2 \u03c7\u03c1\u03cc\u03bd\u03bf\u03c2 \u03b1\u03bd\u03ac\u03b3\u03bd\u03c9\u03c3\u03b7\u03c2\" \/>\n\t<meta name=\"twitter:data1\" content=\"2 \u03bb\u03b5\u03c0\u03c4\u03ac\" \/>\n<script type=\"application\/ld+json\" class=\"yoast-schema-graph\">{\"@context\":\"https:\\\/\\\/schema.org\",\"@graph\":[{\"@type\":\"WebPage\",\"@id\":\"https:\\\/\\\/www.mytilenetaxi.gr\\\/tr\\\/%ce%bd%cf%8c%cf%84%ce%b9%ce%b1-%ce%bb%ce%ad%cf%83%ce%b2%ce%bf%cf%82\\\/\",\"url\":\"https:\\\/\\\/www.mytilenetaxi.gr\\\/tr\\\/%ce%bd%cf%8c%cf%84%ce%b9%ce%b1-%ce%bb%ce%ad%cf%83%ce%b2%ce%bf%cf%82\\\/\",\"name\":\"G\u00fcney Lesvos - Midilli Taksi Gregory | Lesvos Taksi Gregory | Mytilene TAXI Gregory | Lesvos TAXI Gregory | \u039c\u03c5\u03c4\u03b9\u03bb\u03ae\u03bd\u03b7 \u03a4\u0391\u039e\u0399 \u0393\u03c1\u03b7\u03b3\u03cc\u03c1\u03b7\u03c2 | \u039b\u03ad\u03c3\u03b2\u03bf\u03c2 \u03a4\u0391\u039e\u0399 \u0393\u03c1\u03b7\u03b3\u03cc\u03c1\u03b7\u03c2\",\"isPartOf\":{\"@id\":\"https:\\\/\\\/www.mytilenetaxi.gr\\\/tr\\\/#website\"},\"datePublished\":\"2019-07-21T04:10:40+00:00\",\"dateModified\":\"2019-07-30T10:16:52+00:00\",\"breadcrumb\":{\"@id\":\"https:\\\/\\\/www.mytilenetaxi.gr\\\/tr\\\/%ce%bd%cf%8c%cf%84%ce%b9%ce%b1-%ce%bb%ce%ad%cf%83%ce%b2%ce%bf%cf%82\\\/#breadcrumb\"},\"inLanguage\":\"el\",\"potentialAction\":[{\"@type\":\"ReadAction\",\"target\":[\"https:\\\/\\\/www.mytilenetaxi.gr\\\/tr\\\/%ce%bd%cf%8c%cf%84%ce%b9%ce%b1-%ce%bb%ce%ad%cf%83%ce%b2%ce%bf%cf%82\\\/\"]}]},{\"@type\":\"BreadcrumbList\",\"@id\":\"https:\\\/\\\/www.mytilenetaxi.gr\\\/tr\\\/%ce%bd%cf%8c%cf%84%ce%b9%ce%b1-%ce%bb%ce%ad%cf%83%ce%b2%ce%bf%cf%82\\\/#breadcrumb\",\"itemListElement\":[{\"@type\":\"ListItem\",\"position\":1,\"name\":\"Home\",\"item\":\"https:\\\/\\\/www.mytilenetaxi.gr\\\/tr\\\/\"},{\"@type\":\"ListItem\",\"position\":2,\"name\":\"G\u00fcney Lesvos\"}]},{\"@type\":\"WebSite\",\"@id\":\"https:\\\/\\\/www.mytilenetaxi.gr\\\/tr\\\/#website\",\"url\":\"https:\\\/\\\/www.mytilenetaxi.gr\\\/tr\\\/\",\"name\":\"Midilli Taksi Gregory | Lesvos Taksi Gregory | Mytilene TAXI Gregory | Lesvos TAXI Gregory | \u039c\u03c5\u03c4\u03b9\u03bb\u03ae\u03bd\u03b7 \u03a4\u0391\u039e\u0399 \u0393\u03c1\u03b7\u03b3\u03cc\u03c1\u03b7\u03c2 | \u039b\u03ad\u03c3\u03b2\u03bf\u03c2 \u03a4\u0391\u039e\u0399 \u0393\u03c1\u03b7\u03b3\u03cc\u03c1\u03b7\u03c2\",\"description\":\"Midilli Taksi Gregory | Lesvos Taksi Gregory | Mytilene TAXI Gregory | Lesvos TAXI Gregory | \u039c\u03c5\u03c4\u03b9\u03bb\u03ae\u03bd\u03b7 \u03a4\u0391\u039e\u0399 \u0393\u03c1\u03b7\u03b3\u03cc\u03c1\u03b7\u03c2 | \u039b\u03ad\u03c3\u03b2\u03bf\u03c2 \u03a4\u0391\u039e\u0399 \u0393\u03c1\u03b7\u03b3\u03cc\u03c1\u03b7\u03c2\",\"potentialAction\":[{\"@type\":\"SearchAction\",\"target\":{\"@type\":\"EntryPoint\",\"urlTemplate\":\"https:\\\/\\\/www.mytilenetaxi.gr\\\/tr\\\/?s={search_term_string}\"},\"query-input\":{\"@type\":\"PropertyValueSpecification\",\"valueRequired\":true,\"valueName\":\"search_term_string\"}}],\"inLanguage\":\"el\"}]}<\/script>\n<!-- \/ Yoast SEO plugin. -->","yoast_head_json":{"title":"G\u00fcney Lesvos - Midilli Taksi Gregory | Lesvos Taksi Gregory | Mytilene TAXI Gregory | Lesvos TAXI Gregory | \u039c\u03c5\u03c4\u03b9\u03bb\u03ae\u03bd\u03b7 \u03a4\u0391\u039e\u0399 \u0393\u03c1\u03b7\u03b3\u03cc\u03c1\u03b7\u03c2 | \u039b\u03ad\u03c3\u03b2\u03bf\u03c2 \u03a4\u0391\u039e\u0399 \u0393\u03c1\u03b7\u03b3\u03cc\u03c1\u03b7\u03c2","robots":{"index":"index","follow":"follow","max-snippet":"max-snippet:-1","max-image-preview":"max-image-preview:large","max-video-preview":"max-video-preview:-1"},"canonical":"https:\/\/www.mytilenetaxi.gr\/tr\/\u03bd\u03cc\u03c4\u03b9\u03b1-\u03bb\u03ad\u03c3\u03b2\u03bf\u03c2\/","og_locale":"el_GR","og_type":"article","og_title":"G\u00fcney Lesvos - Midilli Taksi Gregory | Lesvos Taksi Gregory | Mytilene TAXI Gregory | Lesvos TAXI Gregory | \u039c\u03c5\u03c4\u03b9\u03bb\u03ae\u03bd\u03b7 \u03a4\u0391\u039e\u0399 \u0393\u03c1\u03b7\u03b3\u03cc\u03c1\u03b7\u03c2 | \u039b\u03ad\u03c3\u03b2\u03bf\u03c2 \u03a4\u0391\u039e\u0399 \u0393\u03c1\u03b7\u03b3\u03cc\u03c1\u03b7\u03c2","og_description":"[vc_row][vc_column width=&#8221;1\/2&#8243;][vc_column_text] Burada tarihi Plomari \u015fehrini bulacaks\u0131n\u0131z. Plomari yolunda \u00f6nce Trigona ve Plagia, sonra billur sular\u0131 ile muhte\u015fem Agios Isidoros sahilini ge\u00e7eceksiniz. Ayr\u0131ca yine eskiyi g\u00fcn\u00fcm\u00fcze ta\u015f\u0131yan zeytinya\u011f\u0131 fabrikalar\u0131, tabakhaneler ve g\u00fcn\u00fcm\u00fczde restore edilerek modern bir k\u00fclt\u00fcr merkezi haline getirilen eski sabun fabrikas\u0131 ilginizi \u00e7ekecek. Bir ba\u015fka \u00f6nemli yerle\u015fim alan\u0131 harika kumsal\u0131 ile Melinda sahilinin&hellip;","og_url":"https:\/\/www.mytilenetaxi.gr\/tr\/\u03bd\u03cc\u03c4\u03b9\u03b1-\u03bb\u03ad\u03c3\u03b2\u03bf\u03c2\/","og_site_name":"Midilli Taksi Gregory | Lesvos Taksi Gregory | Mytilene TAXI Gregory | Lesvos TAXI Gregory | \u039c\u03c5\u03c4\u03b9\u03bb\u03ae\u03bd\u03b7 \u03a4\u0391\u039e\u0399 \u0393\u03c1\u03b7\u03b3\u03cc\u03c1\u03b7\u03c2 | \u039b\u03ad\u03c3\u03b2\u03bf\u03c2 \u03a4\u0391\u039e\u0399 \u0393\u03c1\u03b7\u03b3\u03cc\u03c1\u03b7\u03c2","article_modified_time":"2019-07-30T10:16:52+00:00","twitter_card":"summary_large_image","twitter_misc":{"\u0395\u03ba\u03c4\u03b9\u03bc\u03ce\u03bc\u03b5\u03bd\u03bf\u03c2 \u03c7\u03c1\u03cc\u03bd\u03bf\u03c2 \u03b1\u03bd\u03ac\u03b3\u03bd\u03c9\u03c3\u03b7\u03c2":"2 \u03bb\u03b5\u03c0\u03c4\u03ac"},"schema":{"@context":"https:\/\/schema.org","@graph":[{"@type":"WebPage","@id":"https:\/\/www.mytilenetaxi.gr\/tr\/%ce%bd%cf%8c%cf%84%ce%b9%ce%b1-%ce%bb%ce%ad%cf%83%ce%b2%ce%bf%cf%82\/","url":"https:\/\/www.mytilenetaxi.gr\/tr\/%ce%bd%cf%8c%cf%84%ce%b9%ce%b1-%ce%bb%ce%ad%cf%83%ce%b2%ce%bf%cf%82\/","name":"G\u00fcney Lesvos - Midilli Taksi Gregory | Lesvos Taksi Gregory | Mytilene TAXI Gregory | Lesvos TAXI Gregory | \u039c\u03c5\u03c4\u03b9\u03bb\u03ae\u03bd\u03b7 \u03a4\u0391\u039e\u0399 \u0393\u03c1\u03b7\u03b3\u03cc\u03c1\u03b7\u03c2 | \u039b\u03ad\u03c3\u03b2\u03bf\u03c2 \u03a4\u0391\u039e\u0399 \u0393\u03c1\u03b7\u03b3\u03cc\u03c1\u03b7\u03c2","isPartOf":{"@id":"https:\/\/www.mytilenetaxi.gr\/tr\/#website"},"datePublished":"2019-07-21T04:10:40+00:00","dateModified":"2019-07-30T10:16:52+00:00","breadcrumb":{"@id":"https:\/\/www.mytilenetaxi.gr\/tr\/%ce%bd%cf%8c%cf%84%ce%b9%ce%b1-%ce%bb%ce%ad%cf%83%ce%b2%ce%bf%cf%82\/#breadcrumb"},"inLanguage":"el","potentialAction":[{"@type":"ReadAction","target":["https:\/\/www.mytilenetaxi.gr\/tr\/%ce%bd%cf%8c%cf%84%ce%b9%ce%b1-%ce%bb%ce%ad%cf%83%ce%b2%ce%bf%cf%82\/"]}]},{"@type":"BreadcrumbList","@id":"https:\/\/www.mytilenetaxi.gr\/tr\/%ce%bd%cf%8c%cf%84%ce%b9%ce%b1-%ce%bb%ce%ad%cf%83%ce%b2%ce%bf%cf%82\/#breadcrumb","itemListElement":[{"@type":"ListItem","position":1,"name":"Home","item":"https:\/\/www.mytilenetaxi.gr\/tr\/"},{"@type":"ListItem","position":2,"name":"G\u00fcney Lesvos"}]},{"@type":"WebSite","@id":"https:\/\/www.mytilenetaxi.gr\/tr\/#website","url":"https:\/\/www.mytilenetaxi.gr\/tr\/","name":"Midilli Taksi Gregory | Lesvos Taksi Gregory | Mytilene TAXI Gregory | Lesvos TAXI Gregory | \u039c\u03c5\u03c4\u03b9\u03bb\u03ae\u03bd\u03b7 \u03a4\u0391\u039e\u0399 \u0393\u03c1\u03b7\u03b3\u03cc\u03c1\u03b7\u03c2 | \u039b\u03ad\u03c3\u03b2\u03bf\u03c2 \u03a4\u0391\u039e\u0399 \u0393\u03c1\u03b7\u03b3\u03cc\u03c1\u03b7\u03c2","description":"Midilli Taksi Gregory | Lesvos Taksi Gregory | Mytilene TAXI Gregory | Lesvos TAXI Gregory | \u039c\u03c5\u03c4\u03b9\u03bb\u03ae\u03bd\u03b7 \u03a4\u0391\u039e\u0399 \u0393\u03c1\u03b7\u03b3\u03cc\u03c1\u03b7\u03c2 | \u039b\u03ad\u03c3\u03b2\u03bf\u03c2 \u03a4\u0391\u039e\u0399 \u0393\u03c1\u03b7\u03b3\u03cc\u03c1\u03b7\u03c2","potentialAction":[{"@type":"SearchAction","target":{"@type":"EntryPoint","urlTemplate":"https:\/\/www.mytilenetaxi.gr\/tr\/?s={search_term_string}"},"query-input":{"@type":"PropertyValueSpecification","valueRequired":true,"valueName":"search_term_string"}}],"inLanguage":"el"}]}},"_links":{"self":[{"href":"https:\/\/www.mytilenetaxi.gr\/tr\/wp-json\/wp\/v2\/pages\/209","targetHints":{"allow":["GET"]}}],"collection":[{"href":"https:\/\/www.mytilenetaxi.gr\/tr\/wp-json\/wp\/v2\/pages"}],"about":[{"href":"https:\/\/www.mytilenetaxi.gr\/tr\/wp-json\/wp\/v2\/types\/page"}],"author":[{"embeddable":true,"href":"https:\/\/www.mytilenetaxi.gr\/tr\/wp-json\/wp\/v2\/users\/1"}],"replies":[{"embeddable":true,"href":"https:\/\/www.mytilenetaxi.gr\/tr\/wp-json\/wp\/v2\/comments?post=209"}],"version-history":[{"count":2,"href":"https:\/\/www.mytilenetaxi.gr\/tr\/wp-json\/wp\/v2\/pages\/209\/revisions"}],"predecessor-version":[{"id":435,"href":"https:\/\/www.mytilenetaxi.gr\/tr\/wp-json\/wp\/v2\/pages\/209\/revisions\/435"}],"wp:attachment":[{"href":"https:\/\/www.mytilenetaxi.gr\/tr\/wp-json\/wp\/v2\/media?parent=209"}],"curies":[{"name":"wp","href":"https:\/\/api.w.org\/{rel}","templated":true}]}}